{"id":43,"date":"2015-04-08T20:54:07","date_gmt":"2015-04-08T20:54:07","guid":{"rendered":"http:\/\/www.cardidactic.ro\/?page_id=43"},"modified":"2025-07-17T20:09:21","modified_gmt":"2025-07-17T18:09:21","slug":"despre-noi","status":"publish","type":"page","link":"https:\/\/www.cardidactic.ro\/","title":{"rendered":"Despre noi"},"content":{"rendered":"<p>[et_pb_section fb_built=&#8221;1&#8243; admin_label=&#8221;section&#8221; module_id=&#8221;DespreNoi&#8221; _builder_version=&#8221;4.16&#8243; background_color=&#8221;#adc7ff&#8221; custom_padding=&#8221;0px||0px|||&#8221; transparent_background=&#8221;off&#8221; global_colors_info=&#8221;{}&#8221;][et_pb_row admin_label=&#8221;row&#8221; _builder_version=&#8221;4.16&#8243; background_size=&#8221;initial&#8221; background_position=&#8221;top_left&#8221; background_repeat=&#8221;repeat&#8221; global_colors_info=&#8221;{}&#8221;][et_pb_column type=&#8221;4_4&#8243; _builder_version=&#8221;4.16&#8243; custom_padding=&#8221;|||&#8221; global_colors_info=&#8221;{}&#8221; custom_padding__hover=&#8221;|||&#8221;][et_pb_slider admin_label=&#8221;Slider&#8221; _builder_version=&#8221;4.16&#8243; parallax=&#8221;on&#8221; min_height=&#8221;379px&#8221; custom_padding=&#8221;48px||48px|||&#8221; custom_padding_tablet=&#8221;|||&#8221; custom_padding_phone=&#8221;|||&#8221; auto=&#8221;on&#8221; auto_speed=&#8221;5000&#8243; box_shadow_style=&#8221;preset6&#8243; box_shadow_blur=&#8221;10px&#8221; box_shadow_color=&#8221;rgba(0,0,0,0.1)&#8221; show_inner_shadow=&#8221;on&#8221; global_colors_info=&#8221;{}&#8221; button_text_size__hover_enabled=&#8221;off&#8221; button_one_text_size__hover_enabled=&#8221;off&#8221; button_two_text_size__hover_enabled=&#8221;off&#8221; button_text_color__hover_enabled=&#8221;off&#8221; button_one_text_color__hover_enabled=&#8221;off&#8221; button_two_text_color__hover_enabled=&#8221;off&#8221; button_border_width__hover_enabled=&#8221;off&#8221; button_one_border_width__hover_enabled=&#8221;off&#8221; button_two_border_width__hover_enabled=&#8221;off&#8221; button_border_color__hover_enabled=&#8221;off&#8221; button_one_border_color__hover_enabled=&#8221;off&#8221; button_two_border_color__hover_enabled=&#8221;off&#8221; button_border_radius__hover_enabled=&#8221;off&#8221; button_one_border_radius__hover_enabled=&#8221;off&#8221; button_two_border_radius__hover_enabled=&#8221;off&#8221; button_letter_spacing__hover_enabled=&#8221;off&#8221; button_one_letter_spacing__hover_enabled=&#8221;off&#8221; button_two_letter_spacing__hover_enabled=&#8221;off&#8221; button_bg_color__hover_enabled=&#8221;off&#8221; button_one_bg_color__hover_enabled=&#8221;off&#8221; button_two_bg_color__hover_enabled=&#8221;off&#8221;][et_pb_slide heading=&#8221;Scurt istoric&#8221; _builder_version=&#8221;4.16&#8243; background_color=&#8221;#adc7ff&#8221; background_layout=&#8221;light&#8221; global_colors_info=&#8221;{}&#8221; button_text_size__hover_enabled=&#8221;off&#8221; button_one_text_size__hover_enabled=&#8221;off&#8221; button_two_text_size__hover_enabled=&#8221;off&#8221; button_text_color__hover_enabled=&#8221;off&#8221; button_one_text_color__hover_enabled=&#8221;off&#8221; button_two_text_color__hover_enabled=&#8221;off&#8221; button_border_width__hover_enabled=&#8221;off&#8221; button_one_border_width__hover_enabled=&#8221;off&#8221; button_two_border_width__hover_enabled=&#8221;off&#8221; button_border_color__hover_enabled=&#8221;off&#8221; button_one_border_color__hover_enabled=&#8221;off&#8221; button_two_border_color__hover_enabled=&#8221;off&#8221; button_border_radius__hover_enabled=&#8221;off&#8221; button_one_border_radius__hover_enabled=&#8221;off&#8221; button_two_border_radius__hover_enabled=&#8221;off&#8221; button_letter_spacing__hover_enabled=&#8221;off&#8221; button_one_letter_spacing__hover_enabled=&#8221;off&#8221; button_two_letter_spacing__hover_enabled=&#8221;off&#8221; button_bg_color__hover_enabled=&#8221;off&#8221; button_one_bg_color__hover_enabled=&#8221;off&#8221; button_two_bg_color__hover_enabled=&#8221;off&#8221; sticky_transition=&#8221;on&#8221;]<\/p>\n<p><strong>ASOCIA\u0162IA CAR \u00ceNV\u0102\u0162\u0102M\u00c2NT C\u00c2MPULUNG<\/strong>\u00a0este o asocia\u0163ie ob\u015fteasc\u0103 de interes comun, f\u0103r\u0103 scop patrimonial, creat\u0103 pe baza liberului consim\u0163\u0103m\u00e2nt \u015fi a voin\u0163ei de asociere a membrilor s\u0103i.<\/p>\n<p>\u00cenainte de 1949 a func\u0163ionat Banca Popular\u0103 \u201eLumina\u201d a \u00cenv\u0103\u0163\u0103torilor Musceleni, care a fost transformat\u0103 prin decretul 358\/1949, \u00een Casa de Ajutor Reciproc \u00cenv\u0103\u0163\u0103m\u00e2nt C\u00e2mpulung Muscel, a\u015fa cum rezult\u0103 din inventarul de preluare existent \u00een arhiva fostului U.G.S.R., inventar confirmat prin adresa nr. 40\/03-02-1997 a Uniunii Na\u0163ionale a Caselor de Ajutor Reciproc ale Salaria\u0163ilor din Rom\u00e2nia.<\/p>\n<p>Scopul este dezvoltarea leg\u0103turilor de solidaritate, sprijin \u015fi \u00eentrajutorare material\u0103 \u015fi punerea la dispozitie a serviciilor sale persoanelor fizice ce de\u0163in venituri permanente \u2013 \u00eendeosebi de natur\u0103 salarial\u0103, din C\u00e2mpulung Muscel \u015fi din zonele limitrofe.<\/p>\n<p>[\/et_pb_slide][\/et_pb_slider][et_pb_divider color=&#8221;#9b7f00&#8243; disabled_on=&#8221;on|on|off&#8221; admin_label=&#8221;Divizor&#8221; _builder_version=&#8221;4.16&#8243; height=&#8221;0px&#8221; global_colors_info=&#8221;{}&#8221;][\/et_pb_divider][\/et_pb_column][\/et_pb_row][\/et_pb_section][et_pb_section fb_built=&#8221;1&#8243; admin_label=&#8221;section&#8221; module_id=&#8221;Produse&#8221; _builder_version=&#8221;4.16&#8243; background_color=&#8221;#ffffff&#8221; min_height=&#8221;394px&#8221; custom_padding=&#8221;0px||2px|||&#8221; transparent_background=&#8221;off&#8221; global_colors_info=&#8221;{}&#8221;][et_pb_row admin_label=&#8221;row&#8221; _builder_version=&#8221;4.16&#8243; background_size=&#8221;initial&#8221; background_position=&#8221;top_left&#8221; background_repeat=&#8221;repeat&#8221; global_colors_info=&#8221;{}&#8221;][et_pb_column type=&#8221;4_4&#8243; _builder_version=&#8221;4.16&#8243; custom_padding=&#8221;|||&#8221; global_colors_info=&#8221;{}&#8221; custom_padding__hover=&#8221;|||&#8221;][et_pb_text admin_label=&#8221;Text&#8221; _builder_version=&#8221;4.16&#8243; background_size=&#8221;initial&#8221; background_position=&#8221;top_left&#8221; background_repeat=&#8221;repeat&#8221; global_colors_info=&#8221;{}&#8221;]<\/p>\n<p>ASOCIA\u0162IA CAR \u00ceNV\u0102\u0162\u0102M\u00c2NT C\u00c2MPULUNG<\/p>\n<p>Acord\u0103 urmatoarele facilita\u021bi membrilor s\u0103i:<\/p>\n<p>1. \u00cemprumuturi tradi\u021bionale: de trei ori fondul dar nu mai mult de 60000 lei pe o perioad\u0103 de 60 luni;<\/p>\n<p>2. \u00cemprumuturi de urgen\u021b\u0103 pentru rezolvarea unor nevoi urgente \u00een cuantum de 500 lei p\u00e2n\u0103 la 2.500 lei;<\/p>\n<p>3. Ajutor deces<\/p>\n<p>4. Burse sociale<\/p>\n<p>5. Posibilitatea de refinan\u0163are \u00een func\u021bie de istoricul membrului CAR.<\/p>\n<p>[\/et_pb_text][et_pb_divider color=&#8221;#9b7f00&#8243; disabled_on=&#8221;on|on|off&#8221; admin_label=&#8221;Divizor&#8221; _builder_version=&#8221;4.16&#8243; height=&#8221;0px&#8221; global_colors_info=&#8221;{}&#8221;][\/et_pb_divider][\/et_pb_column][\/et_pb_row][\/et_pb_section][et_pb_section fb_built=&#8221;1&#8243; admin_label=&#8221;section&#8221; module_id=&#8221;Stiri&#8221; _builder_version=&#8221;4.16&#8243; background_color=&#8221;#ffffff&#8221; custom_margin=&#8221;||-1px|||&#8221; custom_padding=&#8221;2px||3px|||&#8221; transparent_background=&#8221;off&#8221; global_colors_info=&#8221;{}&#8221;][et_pb_row admin_label=&#8221;row&#8221; _builder_version=&#8221;4.16&#8243; background_size=&#8221;initial&#8221; background_position=&#8221;top_left&#8221; background_repeat=&#8221;repeat&#8221; custom_padding=&#8221;||40px|||&#8221; global_colors_info=&#8221;{}&#8221;][et_pb_column type=&#8221;4_4&#8243; _builder_version=&#8221;4.16&#8243; custom_padding=&#8221;|||&#8221; global_colors_info=&#8221;{}&#8221; custom_padding__hover=&#8221;|||&#8221;][et_pb_blog include_categories=&#8221;3&#8243; show_more=&#8221;on&#8221; show_author=&#8221;off&#8221; admin_label=&#8221;Blog&#8221; _builder_version=&#8221;4.16&#8243; global_colors_info=&#8221;{}&#8221;][\/et_pb_blog][et_pb_divider color=&#8221;#9b7f00&#8243; disabled_on=&#8221;on|on|off&#8221; admin_label=&#8221;Divizor&#8221; _builder_version=&#8221;4.16&#8243; height=&#8221;0px&#8221; custom_margin=&#8221;40px|||||&#8221; global_colors_info=&#8221;{}&#8221;][\/et_pb_divider][\/et_pb_column][\/et_pb_row][\/et_pb_section][et_pb_section fb_built=&#8221;1&#8243; admin_label=&#8221;section&#8221; module_id=&#8221;Descarcari&#8221; _builder_version=&#8221;4.16&#8243; background_color=&#8221;#adc7ff&#8221; min_height=&#8221;640px&#8221; height=&#8221;640px&#8221; custom_padding=&#8221;0px||0px|||&#8221; transparent_background=&#8221;off&#8221; global_colors_info=&#8221;{}&#8221;][et_pb_row column_structure=&#8221;1_3,1_3,1_3&#8243; admin_label=&#8221;row&#8221; _builder_version=&#8221;4.16&#8243; background_size=&#8221;initial&#8221; background_position=&#8221;top_left&#8221; background_repeat=&#8221;repeat&#8221; custom_padding=&#8221;||3px|||&#8221; global_colors_info=&#8221;{}&#8221;][et_pb_column type=&#8221;1_3&#8243; _builder_version=&#8221;4.16&#8243; custom_padding=&#8221;|||&#8221; global_colors_info=&#8221;{}&#8221; custom_padding__hover=&#8221;|||&#8221;][et_pb_text admin_label=&#8221;Text&#8221; _builder_version=&#8221;4.27.4&#8243; background_size=&#8221;initial&#8221; background_position=&#8221;top_left&#8221; background_repeat=&#8221;repeat&#8221; text_orientation=&#8221;center&#8221; module_alignment=&#8221;center&#8221; hover_enabled=&#8221;0&#8243; use_border_color=&#8221;off&#8221; border_color=&#8221;#ffffff&#8221; border_style=&#8221;solid&#8221; global_colors_info=&#8221;{}&#8221; sticky_enabled=&#8221;0&#8243;]<\/p>\n<h3><span style=\"color: #a78300;\">Formulare tipizate<\/span><\/h3>\n<p><a href=\"https:\/\/www.cardidactic.ro\/wp-content\/uploads\/ADEVERINTA-DE-VENIT-2025.pdf\"><strong>ADEVERINTA DE VENIT 2025<\/strong><\/a><\/p>\n<p><a href=\"https:\/\/www.cardidactic.ro\/wp-content\/uploads\/ANEXA-1-GIRANTI-2025.pdf\"><strong>ANEXA 1 GIRANTI 2025<\/strong><\/a><\/p>\n<p><a href=\"https:\/\/www.cardidactic.ro\/wp-content\/uploads\/CERERE-AMANARE-2025.pdf\"><strong>CERERE AMANARE 2025<\/strong><\/a><\/p>\n<p><a href=\"https:\/\/www.cardidactic.ro\/wp-content\/uploads\/CERERE-DE-COMPENSARE-2025.pdf\"><strong>CERERE DE COMPENSARE 2025<\/strong><\/a><\/p>\n<p><a href=\"https:\/\/www.cardidactic.ro\/wp-content\/uploads\/CERERE-DE-COMPENSARE-SI-RETRAGERE-2025.pdf\"><strong>CERERE DE COMPENSARE SI RETRAGERE 2025<\/strong><\/a><\/p>\n<p><a href=\"https:\/\/www.cardidactic.ro\/wp-content\/uploads\/CERERE-DE-IMPRUMUT-2025.pdf\"><strong>CERERE DE IMPRUMUT 2025<\/strong><\/a><\/p>\n<p><a href=\"https:\/\/www.cardidactic.ro\/wp-content\/uploads\/CERERE-DE-INSCRIERE-2025.pdf\"><strong>CERERE DE INSCRIERE 2025<\/strong><\/a><\/p>\n<p><a href=\"https:\/\/www.cardidactic.ro\/wp-content\/uploads\/CERERE-DE-RETRAGERE-2025.pdf\"><strong>CERERE DE RETRAGERE 2025<\/strong><\/a><\/p>\n<p>[\/et_pb_text][\/et_pb_column][et_pb_column type=&#8221;1_3&#8243; _builder_version=&#8221;4.16&#8243; custom_padding=&#8221;|||&#8221; global_colors_info=&#8221;{}&#8221; custom_padding__hover=&#8221;|||&#8221;][et_pb_text admin_label=&#8221;Text&#8221; _builder_version=&#8221;4.27.4&#8243; background_size=&#8221;initial&#8221; background_position=&#8221;top_left&#8221; background_repeat=&#8221;repeat&#8221; text_orientation=&#8221;center&#8221; module_alignment=&#8221;center&#8221; hover_enabled=&#8221;0&#8243; global_colors_info=&#8221;{}&#8221; sticky_enabled=&#8221;0&#8243;]<\/p>\n<h3><span style=\"color: #a78300;\">Reglementari legislative<\/span><\/h3>\n<p><a href=\"http:\/\/www.cardidactic.ro\/wp-content\/uploads\/2015\/04\/legea_122.pdf\">Legea 122<\/a><\/p>\n<p><a href=\"http:\/\/www.cardidactic.ro\/wp-content\/uploads\/2015\/04\/legea_93.pdf\">Legea 93<\/a><\/p>\n<p><a href=\"http:\/\/www.cardidactic.ro\/wp-content\/uploads\/2015\/04\/legea_82.pdf\">Legea 82<\/a><\/p>\n<p>[\/et_pb_text][\/et_pb_column][et_pb_column type=&#8221;1_3&#8243; _builder_version=&#8221;4.16&#8243; custom_padding=&#8221;|||&#8221; global_colors_info=&#8221;{}&#8221; custom_padding__hover=&#8221;|||&#8221;][et_pb_text admin_label=&#8221;Text&#8221; _builder_version=&#8221;4.16&#8243; background_size=&#8221;initial&#8221; background_position=&#8221;top_left&#8221; background_repeat=&#8221;repeat&#8221; text_orientation=&#8221;center&#8221; module_alignment=&#8221;center&#8221; global_colors_info=&#8221;{}&#8221;]<\/p>\n<h3><span style=\"color: #a78300;\">Proceduri acordare imprumuturi<\/span><\/h3>\n<p><a href=\"http:\/\/www.cardidactic.ro\/wp-content\/uploads\/2015\/04\/procedura_1.doc\">Procedura 1<\/a><\/p>\n<p><a href=\"http:\/\/www.cardidactic.ro\/wp-content\/uploads\/2015\/04\/procedura_2.doc\">Procedura 2<\/a><br \/>\n[\/et_pb_text][\/et_pb_column][\/et_pb_row][et_pb_row admin_label=&#8221;row&#8221; _builder_version=&#8221;4.16&#8243; background_size=&#8221;initial&#8221; background_position=&#8221;top_left&#8221; background_repeat=&#8221;repeat&#8221; min_height=&#8221;91px&#8221; custom_padding=&#8221;40px||0px|||&#8221; global_colors_info=&#8221;{}&#8221;][et_pb_column type=&#8221;4_4&#8243; _builder_version=&#8221;4.16&#8243; custom_padding=&#8221;|||&#8221; global_colors_info=&#8221;{}&#8221; custom_padding__hover=&#8221;|||&#8221;][et_pb_divider color=&#8221;#a78300&#8243; divider_weight=&#8221;1px&#8221; disabled_on=&#8221;on|on|off&#8221; admin_label=&#8221;Divizor&#8221; _builder_version=&#8221;4.16&#8243; height=&#8221;10px&#8221; global_colors_info=&#8221;{}&#8221;][\/et_pb_divider][\/et_pb_column][\/et_pb_row][\/et_pb_section][et_pb_section fb_built=&#8221;1&#8243; admin_label=&#8221;section&#8221; module_id=&#8221;Contact&#8221; _builder_version=&#8221;4.16&#8243; background_color=&#8221;#FFFFFF&#8221; min_height=&#8221;937px&#8221; height=&#8221;982px&#8221; custom_margin=&#8221;||-4px|||&#8221; custom_padding=&#8221;0px||20px|||&#8221; transparent_background=&#8221;off&#8221; global_colors_info=&#8221;{}&#8221;][et_pb_row column_structure=&#8221;2_3,1_3&#8243; admin_label=&#8221;row&#8221; _builder_version=&#8221;4.16&#8243; background_size=&#8221;initial&#8221; background_position=&#8221;top_left&#8221; background_repeat=&#8221;repeat&#8221; global_colors_info=&#8221;{}&#8221;][et_pb_column type=&#8221;2_3&#8243; _builder_version=&#8221;4.16&#8243; custom_padding=&#8221;|||&#8221; global_colors_info=&#8221;{}&#8221; custom_padding__hover=&#8221;|||&#8221;][et_pb_contact_form use_spam_service=&#8221;on&#8221; recaptcha_list=&#8221;Default-0&#8243; email=&#8221;office@cardidactic.ro&#8221; title=&#8221;Contacteaz\u0103-ne&#8221; submit_button_text=&#8221;Trimite mesaj&#8221; admin_label=&#8221;Contact Form&#8221; _builder_version=&#8221;4.16&#8243; _unique_id=&#8221;a5c40da2-e644-4243-a3f7-fcd5bb49a3ab&#8221; global_colors_info=&#8221;{}&#8221;][et_pb_contact_field field_id=&#8221;Name&#8221; field_title=&#8221;Name&#8221; _builder_version=&#8221;4.16&#8243; global_colors_info=&#8221;{}&#8221; button_text_size__hover_enabled=&#8221;off&#8221; button_one_text_size__hover_enabled=&#8221;off&#8221; button_two_text_size__hover_enabled=&#8221;off&#8221; button_text_color__hover_enabled=&#8221;off&#8221; button_one_text_color__hover_enabled=&#8221;off&#8221; button_two_text_color__hover_enabled=&#8221;off&#8221; button_border_width__hover_enabled=&#8221;off&#8221; button_one_border_width__hover_enabled=&#8221;off&#8221; button_two_border_width__hover_enabled=&#8221;off&#8221; button_border_color__hover_enabled=&#8221;off&#8221; button_one_border_color__hover_enabled=&#8221;off&#8221; button_two_border_color__hover_enabled=&#8221;off&#8221; button_border_radius__hover_enabled=&#8221;off&#8221; button_one_border_radius__hover_enabled=&#8221;off&#8221; button_two_border_radius__hover_enabled=&#8221;off&#8221; button_letter_spacing__hover_enabled=&#8221;off&#8221; button_one_letter_spacing__hover_enabled=&#8221;off&#8221; button_two_letter_spacing__hover_enabled=&#8221;off&#8221; button_bg_color__hover_enabled=&#8221;off&#8221; button_one_bg_color__hover_enabled=&#8221;off&#8221; button_two_bg_color__hover_enabled=&#8221;off&#8221;][\/et_pb_contact_field][et_pb_contact_field field_id=&#8221;Email&#8221; field_title=&#8221;Email Address&#8221; field_type=&#8221;email&#8221; _builder_version=&#8221;4.16&#8243; global_colors_info=&#8221;{}&#8221; button_text_size__hover_enabled=&#8221;off&#8221; button_one_text_size__hover_enabled=&#8221;off&#8221; button_two_text_size__hover_enabled=&#8221;off&#8221; button_text_color__hover_enabled=&#8221;off&#8221; button_one_text_color__hover_enabled=&#8221;off&#8221; button_two_text_color__hover_enabled=&#8221;off&#8221; button_border_width__hover_enabled=&#8221;off&#8221; button_one_border_width__hover_enabled=&#8221;off&#8221; button_two_border_width__hover_enabled=&#8221;off&#8221; button_border_color__hover_enabled=&#8221;off&#8221; button_one_border_color__hover_enabled=&#8221;off&#8221; button_two_border_color__hover_enabled=&#8221;off&#8221; button_border_radius__hover_enabled=&#8221;off&#8221; button_one_border_radius__hover_enabled=&#8221;off&#8221; button_two_border_radius__hover_enabled=&#8221;off&#8221; button_letter_spacing__hover_enabled=&#8221;off&#8221; button_one_letter_spacing__hover_enabled=&#8221;off&#8221; button_two_letter_spacing__hover_enabled=&#8221;off&#8221; button_bg_color__hover_enabled=&#8221;off&#8221; button_one_bg_color__hover_enabled=&#8221;off&#8221; button_two_bg_color__hover_enabled=&#8221;off&#8221;][\/et_pb_contact_field][et_pb_contact_field field_id=&#8221;Message&#8221; field_title=&#8221;Message&#8221; field_type=&#8221;text&#8221; fullwidth_field=&#8221;on&#8221; _builder_version=&#8221;4.16&#8243; global_colors_info=&#8221;{}&#8221; button_text_size__hover_enabled=&#8221;off&#8221; button_one_text_size__hover_enabled=&#8221;off&#8221; button_two_text_size__hover_enabled=&#8221;off&#8221; button_text_color__hover_enabled=&#8221;off&#8221; button_one_text_color__hover_enabled=&#8221;off&#8221; button_two_text_color__hover_enabled=&#8221;off&#8221; button_border_width__hover_enabled=&#8221;off&#8221; button_one_border_width__hover_enabled=&#8221;off&#8221; button_two_border_width__hover_enabled=&#8221;off&#8221; button_border_color__hover_enabled=&#8221;off&#8221; button_one_border_color__hover_enabled=&#8221;off&#8221; button_two_border_color__hover_enabled=&#8221;off&#8221; button_border_radius__hover_enabled=&#8221;off&#8221; button_one_border_radius__hover_enabled=&#8221;off&#8221; button_two_border_radius__hover_enabled=&#8221;off&#8221; button_letter_spacing__hover_enabled=&#8221;off&#8221; button_one_letter_spacing__hover_enabled=&#8221;off&#8221; button_two_letter_spacing__hover_enabled=&#8221;off&#8221; button_bg_color__hover_enabled=&#8221;off&#8221; button_one_bg_color__hover_enabled=&#8221;off&#8221; button_two_bg_color__hover_enabled=&#8221;off&#8221;][\/et_pb_contact_field][\/et_pb_contact_form][\/et_pb_column][et_pb_column type=&#8221;1_3&#8243; _builder_version=&#8221;4.16&#8243; custom_padding=&#8221;|||&#8221; global_colors_info=&#8221;{}&#8221; custom_padding__hover=&#8221;|||&#8221;][et_pb_text admin_label=&#8221;Text&#8221; _builder_version=&#8221;4.16&#8243; background_size=&#8221;initial&#8221; background_position=&#8221;top_left&#8221; background_repeat=&#8221;repeat&#8221; global_colors_info=&#8221;{}&#8221;]Adres\u0103:\u00a0<strong>Str. NEGRU VOD\u0102, nr. 86, bl. 3, sc. A, ap. 2<\/strong><\/p>\n<p>Jude\u0163:\u00a0<strong>Arge\u015f<\/strong><\/p>\n<p>Localitate:\u00a0<strong>C\u00e2mpulung<\/strong><\/p>\n<p>Telefon:\u00a0<strong>0248-511170<\/strong><br \/>\n[\/et_pb_text][\/et_pb_column][\/et_pb_row][et_pb_row admin_label=&#8221;row&#8221; _builder_version=&#8221;4.16&#8243; background_size=&#8221;initial&#8221; background_position=&#8221;top_left&#8221; background_repeat=&#8221;repeat&#8221; custom_padding=&#8221;5px||5px|||&#8221; global_colors_info=&#8221;{}&#8221;][et_pb_column type=&#8221;4_4&#8243; _builder_version=&#8221;4.16&#8243; custom_padding=&#8221;|||&#8221; global_colors_info=&#8221;{}&#8221; custom_padding__hover=&#8221;|||&#8221;][et_pb_map address=&#8221;Strada Rahovei 2, C\u00e2mpulung 115100, Rom\u00e2nia&#8221; zoom_level=&#8221;16&#8243; address_lat=&#8221;45.266604&#8243; address_lng=&#8221;25.043258000000037&#8243; mouse_wheel=&#8221;off&#8221; admin_label=&#8221;Hart\u0103&#8221; _builder_version=&#8221;4.16&#8243; global_colors_info=&#8221;{}&#8221;][et_pb_map_pin title=&#8221;C.A.R. \u00ceNV\u0102\u0162\u0102M\u00c2NT&#8221; pin_address=&#8221;Strada Rahovei 2, C\u00e2mpulung 115100, Rom\u00e2nia&#8221; pin_address_lat=&#8221;45.26656738394915&#8243; pin_address_lng=&#8221;25.042547526928274&#8243; _builder_version=&#8221;3.24.1&#8243; global_colors_info=&#8221;{}&#8221;][\/et_pb_map_pin][\/et_pb_map][\/et_pb_column][\/et_pb_row][et_pb_row admin_label=&#8221;row&#8221; _builder_version=&#8221;4.16&#8243; background_size=&#8221;initial&#8221; background_position=&#8221;top_left&#8221; background_repeat=&#8221;repeat&#8221; min_height=&#8221;91px&#8221; custom_padding=&#8221;40px||0px|||&#8221; global_colors_info=&#8221;{}&#8221;][et_pb_column type=&#8221;4_4&#8243; _builder_version=&#8221;4.16&#8243; custom_padding=&#8221;|||&#8221; global_colors_info=&#8221;{}&#8221; custom_padding__hover=&#8221;|||&#8221;][et_pb_divider color=&#8221;#a78300&#8243; divider_weight=&#8221;1px&#8221; disabled_on=&#8221;on|on|off&#8221; admin_label=&#8221;Divizor&#8221; _builder_version=&#8221;4.16&#8243; height=&#8221;10px&#8221; global_colors_info=&#8221;{}&#8221;][\/et_pb_divider][\/et_pb_column][\/et_pb_row][\/et_pb_section]<\/p>\n","protected":false},"excerpt":{"rendered":"<p>ASOCIA\u0162IA CAR \u00ceNV\u0102\u0162\u0102M\u00c2NT C\u00c2MPULUNG\u00a0este o asocia\u0163ie ob\u015fteasc\u0103 de interes comun, f\u0103r\u0103 scop patrimonial, creat\u0103 pe baza liberului consim\u0163\u0103m\u00e2nt \u015fi a voin\u0163ei de asociere a membrilor s\u0103i. \u00cenainte de 1949 a func\u0163ionat Banca Popular\u0103 \u201eLumina\u201d a \u00cenv\u0103\u0163\u0103torilor Musceleni, care a fost transformat\u0103 prin decretul 358\/1949, \u00een Casa de Ajutor Reciproc \u00cenv\u0103\u0163\u0103m\u00e2nt C\u00e2mpulung Muscel, a\u015fa cum rezult\u0103 [&hellip;]<\/p>\n","protected":false},"author":1,"featured_media":0,"parent":0,"menu_order":0,"comment_status":"open","ping_status":"open","template":"","meta":{"_et_pb_use_builder":"on","_et_pb_old_content":"","_et_gb_content_width":"","footnotes":""},"class_list":["post-43","page","type-page","status-publish","hentry"],"_links":{"self":[{"href":"https:\/\/www.cardidactic.ro\/index.php?rest_route=\/wp\/v2\/pages\/43","targetHints":{"allow":["GET"]}}],"collection":[{"href":"https:\/\/www.cardidactic.ro\/index.php?rest_route=\/wp\/v2\/pages"}],"about":[{"href":"https:\/\/www.cardidactic.ro\/index.php?rest_route=\/wp\/v2\/types\/page"}],"author":[{"embeddable":true,"href":"https:\/\/www.cardidactic.ro\/index.php?rest_route=\/wp\/v2\/users\/1"}],"replies":[{"embeddable":true,"href":"https:\/\/www.cardidactic.ro\/index.php?rest_route=%2Fwp%2Fv2%2Fcomments&post=43"}],"version-history":[{"count":114,"href":"https:\/\/www.cardidactic.ro\/index.php?rest_route=\/wp\/v2\/pages\/43\/revisions"}],"predecessor-version":[{"id":1049,"href":"https:\/\/www.cardidactic.ro\/index.php?rest_route=\/wp\/v2\/pages\/43\/revisions\/1049"}],"wp:attachment":[{"href":"https:\/\/www.cardidactic.ro\/index.php?rest_route=%2Fwp%2Fv2%2Fmedia&parent=43"}],"curies":[{"name":"wp","href":"https:\/\/api.w.org\/{rel}","templated":true}]}}